{"id":7485,"date":"2026-01-15T09:37:45","date_gmt":"2026-01-15T08:37:45","guid":{"rendered":"https:\/\/irid.com\/?post_type=product&#038;p=7485"},"modified":"2026-01-16T14:37:55","modified_gmt":"2026-01-16T13:37:55","slug":"aeron-full-carbon-carbon-anthracite-carbon","status":"publish","type":"product","link":"https:\/\/irid.com\/it\/prodotto\/aeron-full-carbon-carbon-anthracite-carbon\/","title":{"rendered":"AERON Full Carbon Carbon Anthracite Carbon"},"content":{"rendered":"<p>Erede del casco MotoGP AERON GP, l'AERON trasferisce le prestazioni da pista alla strada.<\/p>\n<p>La calotta in COVA CARBON ON VIEW &amp; ARAMID garantisce la massima sicurezza in conformit\u00e0 con la norma ECE 22.06. Il suo design dinamico, ispirato alla MotoGP, esprime audacia e velocit\u00e0, fino allo spoiler.<\/p>\n<p>Ergonomico, si adatta perfettamente alla morfologia per un sostegno preciso, riducendo l'affaticamento grazie al sottogola in PU a doppia densit\u00e0. La sua aerodinamica ottimizza la stabilit\u00e0 e il comfort alle alte velocit\u00e0.<\/p>\n<p>La ventilazione avanzata con 5 prese d'aria e 7 estrattori garantisce un flusso d'aria ottimale in tutte le condizioni. La visiera ad alta definizione con sistema di sgancio rapido offre un ampio campo visivo, \u00e8 antigraffio e antiappannamento.<\/p>\n<p>Gli interni \u201cBest Fit\u201d garantiscono un effetto seconda pelle grazie ai tessuti antimicrobici Alv\u00e9otech e al sistema Easy Fit per chi porta gli occhiali. Sottogola magnetico Double-D con chiusura automatica per una sicurezza semplificata.<\/p>","protected":false},"excerpt":{"rendered":"<p>Heir to the helmet MotoGP AERON GP, the AERON transposes track performance to the road. Its shell in COVA CARBON ON VIEW &amp; ARAMID ensures extreme safety in compliance with ECE 22.06 standard. Its dynamic design, inspired by the MotoGP, expresses boldness and speed, right up to the spoiler. Ergonomic, it perfectly fits the morphology [&hellip;]<\/p>\n","protected":false},"featured_media":7507,"comment_status":"open","ping_status":"closed","template":"","meta":[],"product_brand":[67],"product_cat":[22],"product_tag":[],"class_list":{"0":"post-7485","1":"product","2":"type-product","3":"status-publish","4":"has-post-thumbnail","6":"product_brand-shark","7":"product_cat-motorbike-helmets","9":"first","10":"instock","11":"taxable","12":"shipping-taxable","13":"purchasable","14":"product-type-variable","15":"has-default-attributes"},"acf":[],"_links":{"self":[{"href":"https:\/\/irid.com\/it\/wp-json\/wp\/v2\/product\/7485","targetHints":{"allow":["GET"]}}],"collection":[{"href":"https:\/\/irid.com\/it\/wp-json\/wp\/v2\/product"}],"about":[{"href":"https:\/\/irid.com\/it\/wp-json\/wp\/v2\/types\/product"}],"replies":[{"embeddable":true,"href":"https:\/\/irid.com\/it\/wp-json\/wp\/v2\/comments?post=7485"}],"version-history":[{"count":7,"href":"https:\/\/irid.com\/it\/wp-json\/wp\/v2\/product\/7485\/revisions"}],"predecessor-version":[{"id":7874,"href":"https:\/\/irid.com\/it\/wp-json\/wp\/v2\/product\/7485\/revisions\/7874"}],"wp:featuredmedia":[{"embeddable":true,"href":"https:\/\/irid.com\/it\/wp-json\/wp\/v2\/media\/7507"}],"wp:attachment":[{"href":"https:\/\/irid.com\/it\/wp-json\/wp\/v2\/media?parent=7485"}],"wp:term":[{"taxonomy":"product_brand","embeddable":true,"href":"https:\/\/irid.com\/it\/wp-json\/wp\/v2\/product_brand?post=7485"},{"taxonomy":"product_cat","embeddable":true,"href":"https:\/\/irid.com\/it\/wp-json\/wp\/v2\/product_cat?post=7485"},{"taxonomy":"product_tag","embeddable":true,"href":"https:\/\/irid.com\/it\/wp-json\/wp\/v2\/product_tag?post=7485"}],"curies":[{"name":"wp","href":"https:\/\/api.w.org\/{rel}","templated":true}]}}